{"id":2780,"date":"2025-05-06T15:44:19","date_gmt":"2025-05-06T14:44:19","guid":{"rendered":"https:\/\/lowe.in-beta.dev\/uk\/privacy-policy-2\/"},"modified":"2026-04-21T09:51:33","modified_gmt":"2026-04-21T08:51:33","slug":"cookies","status":"publish","type":"page","link":"https:\/\/www.lowerental.com\/de\/cookies\/","title":{"rendered":"Cookies"},"content":{"rendered":"\n<h1 class=\"wp-block-heading\"><strong><strong><strong>Cookie-Richtlinie<\/strong><\/strong><\/strong><\/h1>\n\n\n\n<p><strong>Verwendung von Cookies durch Lowe Rental<\/strong><\/p>\n\n\n\n<p>Cookies sind kleine Textdateien, die von besuchten Websites auf Ihrem Computer oder Mobiltelefon abgelegt werden. Sie werden h\u00e4ufig verwendet, um Websites funktionsf\u00e4hig oder effizienter zu machen und um Informationen f\u00fcr die Eigent\u00fcmer der Website bereitzustellen.<\/p>\n\n\n\n<p>Im Folgenden erfahren Sie, welche Cookies wir verwenden und warum.<\/p>\n\n\n\n<p><strong>Website-Cookies<\/strong><\/p>\n\n\n\n<p>Diese Cookies werden verwendet, um sicherzustellen, dass die Benutzererfahrung auf der Website einen hohen Standard aufweist.<\/p>\n\n\n\n<p><strong>Besucherstatistik-Cookies<\/strong><\/p>\n\n\n\n<p>Wir verwenden Cookies, um Besucherstatistiken zu erstellen, z. B. wie viele Personen unsere Website besucht haben, welche Art von Technologie sie verwenden (z. B. Mac oder Windows, um festzustellen, ob unsere Website f\u00fcr bestimmte Technologien nicht ordnungsgem\u00e4\u00df funktioniert) und wie lange Sie verbringen auf der Website, welche Seite sie sehen usw. Dies hilft uns, unsere Website kontinuierlich zu verbessern. Diese so genannten &#8222;Analyse&#8220; -Programme geben uns auch Auskunft dar\u00fcber, wie Personen auf diese Website gelangt sind (z. B. \u00fcber eine Suchmaschine) und ob sie hier waren, bevor sie uns dabei halfen, mehr Geld in die Entwicklung unserer Dienste f\u00fcr Sie zu stecken, anstatt Marketingausgaben.<\/p>\n\n\n\n<ul class=\"wp-block-list\">\n<li>Um zu verhindern, dass Google Analytics alle Websites erfasst, besuchen Sie http:\/\/tools.google.com\/dlpage\/gaoptout<\/li>\n<\/ul>\n\n\n\n<h3 class=\"wp-block-heading\" id=\"cookie-policy-title\">Cookie-Liste<\/h3>\n\n\n\n<p>Ein Cookie ist ein kleines Datenpaket (Textdatei), das Ihr Browser auf Anweisung einer besuchten Website auf Ihrem Ger\u00e4t speichert, um sich Informationen \u00fcber Sie zu \u201emerken\u201c, wie etwa Ihre Spracheinstellungen oder Anmeldeinformationen. Diese Cookies werden von uns gesetzt und als Erstanbieter-Cookies bezeichnet. Wir verwenden auch Drittanbieter-Cookies, welche von einer anderen Dom\u00e4ne als die der von Ihnen besuchten Website stammen. Wie verwenden diese Cookies zur Unterst\u00fctzung unserer Werbe- und Marketingma\u00dfnahmen. Insbesondere verwenden wir Cookies und andere Tracker-Technologien f\u00fcr die folgenden Zwecke:<\/p>\n\n\n\n<h4 class=\"wp-block-heading\">Unbedingt erforderliche Cookies<\/h4>\n\n\n\n<p>Diese Cookies sind zur Funktion der Website erforderlich und k\u00f6nnen in Ihren Systemen nicht deaktiviert werden. In der Regel werden diese Cookies nur als Reaktion auf von Ihnen get\u00e4tigte Aktionen gesetzt, die einer Dienstanforderung entsprechen, wie etwa dem Festlegen Ihrer Datenschutzeinstellungen, dem Anmelden oder dem Ausf\u00fcllen von Formularen. Sie k\u00f6nnen Ihren Browser so einstellen, dass diese Cookies blockiert oder Sie \u00fcber diese Cookies benachrichtigt werden. Einige Bereiche der Website funktionieren dann aber nicht. Diese Cookies speichern keine personenbezogenen Daten.<\/p>\n\n\n\n<figure class=\"wp-block-table\"><table class=\"has-fixed-layout\"><thead><tr><th class=\"has-text-align-left\" data-align=\"left\">Cookie-Untergruppe<\/th><th class=\"has-text-align-left\" data-align=\"left\">Cookies<\/th><th class=\"has-text-align-left\" data-align=\"left\">Verwendete Cookies<\/th><\/tr><\/thead><tbody><tr><td class=\"has-text-align-left\" data-align=\"left\">www.lowerental.com<\/td><td class=\"has-text-align-left\" data-align=\"left\"><a href=\"https:\/\/cookiepedia.co.uk\/cookies\/ASP.NET_SessionId\" rel=\"noreferrer noopener\" target=\"_blank\">ASP.NET_SessionId&nbsp;<\/a>,&nbsp;<a href=\"https:\/\/cookiepedia.co.uk\/cookies\/__RequestVerificationToken\" rel=\"noreferrer noopener\" target=\"_blank\">__RequestVerificationToken<\/a><\/td><td class=\"has-text-align-left\" data-align=\"left\">Erstanbieter<\/td><\/tr><tr><td class=\"has-text-align-left\" data-align=\"left\">lowerental.com<\/td><td class=\"has-text-align-left\" data-align=\"left\"><a href=\"https:\/\/cookiepedia.co.uk\/cookies\/utm_medium\" rel=\"noreferrer noopener\" target=\"_blank\">utm_medium&nbsp;<\/a>,&nbsp;<a href=\"https:\/\/cookiepedia.co.uk\/cookies\/utm_campaign\" rel=\"noreferrer noopener\" target=\"_blank\">utm_campaign&nbsp;<\/a>,&nbsp;<a href=\"https:\/\/cookiepedia.co.uk\/cookies\/utm_source\" rel=\"noreferrer noopener\" target=\"_blank\">utm_source&nbsp;<\/a>,&nbsp;<a href=\"https:\/\/cookiepedia.co.uk\/cookies\/__zlcmid\" rel=\"noreferrer noopener\" target=\"_blank\">__zlcmid&nbsp;<\/a>,&nbsp;<a href=\"https:\/\/cookiepedia.co.uk\/cookies\/OptanonConsent\" rel=\"noreferrer noopener\" target=\"_blank\">OptanonConsent&nbsp;<\/a>,&nbsp;<a href=\"https:\/\/cookiepedia.co.uk\/cookies\/OptanonAlertBoxClosed\" rel=\"noreferrer noopener\" target=\"_blank\">OptanonAlertBoxClosed<\/a><\/td><td class=\"has-text-align-left\" data-align=\"left\">Erstanbieter<\/td><\/tr><tr><td class=\"has-text-align-left\" data-align=\"left\"><a href=\"https:\/\/cookiepedia.co.uk\/host\/www.google.com\" rel=\"noreferrer noopener\" target=\"_blank\">www.google.com<\/a><\/td><td class=\"has-text-align-left\" data-align=\"left\">_GRECAPTCHA<\/td><td class=\"has-text-align-left\" data-align=\"left\">Drittanbieter<\/td><\/tr><\/tbody><\/table><\/figure>\n\n\n\n<h4 class=\"wp-block-heading\">Funktionelle Cookies<\/h4>\n\n\n\n<p>Mit diesen Cookies ist die Website in der Lage, erweiterte Funktionalit\u00e4t und Personalisierung bereitzustellen. Sie k\u00f6nnen von uns oder von Drittanbietern gesetzt werden, deren Dienste wir auf unseren Seiten verwenden. Wenn Sie diese Cookies nicht zulassen, funktionieren einige oder alle dieser Dienste m\u00f6glicherweise nicht einwandfrei.<\/p>\n\n\n\n<figure class=\"wp-block-table\"><table class=\"has-fixed-layout\"><thead><tr><th class=\"has-text-align-left\" data-align=\"left\">Cookie-Untergruppe<\/th><th class=\"has-text-align-left\" data-align=\"left\">Cookies<\/th><th class=\"has-text-align-left\" data-align=\"left\">Verwendete Cookies<\/th><\/tr><\/thead><tbody><tr><td class=\"has-text-align-left\" data-align=\"left\">lowerental.com<\/td><td class=\"has-text-align-left\" data-align=\"left\"><a href=\"https:\/\/cookiepedia.co.uk\/cookies\/__zlcstore\" rel=\"noreferrer noopener\" target=\"_blank\">__zlcstore<\/a><\/td><td class=\"has-text-align-left\" data-align=\"left\">Erstanbieter<\/td><\/tr><tr><td class=\"has-text-align-left\" data-align=\"left\"><a href=\"https:\/\/cookiepedia.co.uk\/host\/static.zdassets.com\" rel=\"noreferrer noopener\" target=\"_blank\">static.zdassets.com<\/a><\/td><td class=\"has-text-align-left\" data-align=\"left\">__zlcid<\/td><td class=\"has-text-align-left\" data-align=\"left\">Drittanbieter<\/td><\/tr><tr><td class=\"has-text-align-left\" data-align=\"left\"><a href=\"https:\/\/cookiepedia.co.uk\/host\/widget-mediator.zopim.com\" rel=\"noreferrer noopener\" target=\"_blank\">widget-mediator.zopim.com<\/a><\/td><td class=\"has-text-align-left\" data-align=\"left\">AWSALB, AWSALBCORS<\/td><td class=\"has-text-align-left\" data-align=\"left\">Drittanbieter<\/td><\/tr><\/tbody><\/table><\/figure>\n\n\n\n<h4 class=\"wp-block-heading\">Leistungs-Cookies<\/h4>\n\n\n\n<p>Diese Cookies erm\u00f6glichen es uns, Besuche und Verkehrsquellen zu z\u00e4hlen, damit wir die Leistung unserer Website messen und verbessern k\u00f6nnen. Sie unterst\u00fctzen uns bei der Beantwortung der Fragen, welche Seiten am beliebtesten sind, welche am wenigsten genutzt werden und wie sich Besucher auf der Website bewegen. Alle von diesen Cookies erfassten Informationen werden aggregiert und sind deshalb anonym. Wenn Sie diese Cookies nicht zulassen, k\u00f6nnen wir nicht wissen, wann Sie unsere Website besucht haben.<\/p>\n\n\n\n<figure class=\"wp-block-table\"><table class=\"has-fixed-layout\"><thead><tr><th class=\"has-text-align-left\" data-align=\"left\">Cookie-Untergruppe<\/th><th class=\"has-text-align-left\" data-align=\"left\">Cookies<\/th><th class=\"has-text-align-left\" data-align=\"left\">Verwendete Cookies<\/th><\/tr><\/thead><tbody><tr><td class=\"has-text-align-left\" data-align=\"left\">www.lowerental.com<\/td><td class=\"has-text-align-left\" data-align=\"left\"><a href=\"https:\/\/cookiepedia.co.uk\/cookies\/optiMonkSession\" rel=\"noreferrer noopener\" target=\"_blank\">optiMonkSession&nbsp;<\/a>,&nbsp;<a href=\"https:\/\/cookiepedia.co.uk\/cookies\/optiMonkClient\" rel=\"noreferrer noopener\" target=\"_blank\">optiMonkClient&nbsp;<\/a>,&nbsp;<a href=\"https:\/\/cookiepedia.co.uk\/cookies\/optiMonkClientId\" rel=\"noreferrer noopener\" target=\"_blank\">optiMonkClientId<\/a><\/td><td class=\"has-text-align-left\" data-align=\"left\">Erstanbieter<\/td><\/tr><tr><td class=\"has-text-align-left\" data-align=\"left\">lowerental.com<\/td><td class=\"has-text-align-left\" data-align=\"left\"><a href=\"https:\/\/cookiepedia.co.uk\/cookies\/_gid\" rel=\"noreferrer noopener\" target=\"_blank\">_gid&nbsp;<\/a>,&nbsp;<a href=\"https:\/\/cookiepedia.co.uk\/cookies\/_ga\" rel=\"noreferrer noopener\" target=\"_blank\">_ga&nbsp;<\/a>,&nbsp;<a href=\"https:\/\/cookiepedia.co.uk\/cookies\/_hjSessionUser_1578095\" rel=\"noreferrer noopener\" target=\"_blank\">_hjSessionUser_1578095&nbsp;<\/a>,&nbsp;<a href=\"https:\/\/cookiepedia.co.uk\/cookies\/_vwo_uuid_v2\" rel=\"noreferrer noopener\" target=\"_blank\">_vwo_uuid_v2&nbsp;<\/a>,&nbsp;<a href=\"https:\/\/cookiepedia.co.uk\/cookies\/_hjSession_1578095\" rel=\"noreferrer noopener\" target=\"_blank\">_hjSession_1578095&nbsp;<\/a>,&nbsp;<a href=\"https:\/\/cookiepedia.co.uk\/cookies\/zte2095\" rel=\"noreferrer noopener\" target=\"_blank\">zte2095&nbsp;<\/a>,&nbsp;<a href=\"https:\/\/cookiepedia.co.uk\/cookies\/_ga_xxxxxxxxxx\" rel=\"noreferrer noopener\" target=\"_blank\">_ga_xxxxxxxxxx&nbsp;<\/a>,&nbsp;<a href=\"https:\/\/cookiepedia.co.uk\/cookies\/_hjTLDTest\" rel=\"noreferrer noopener\" target=\"_blank\">_hjTLDTest<\/a><\/td><td class=\"has-text-align-left\" data-align=\"left\">Erstanbieter<\/td><\/tr><tr><td class=\"has-text-align-left\" data-align=\"left\"><a href=\"https:\/\/cookiepedia.co.uk\/host\/ws.zoominfo.com\" rel=\"noreferrer noopener\" target=\"_blank\">ws.zoominfo.com<\/a><\/td><td class=\"has-text-align-left\" data-align=\"left\">visitorId<\/td><td class=\"has-text-align-left\" data-align=\"left\">Drittanbieter<\/td><\/tr><tr><td class=\"has-text-align-left\" data-align=\"left\"><a href=\"https:\/\/cookiepedia.co.uk\/host\/zoominfo.com\" rel=\"noreferrer noopener\" target=\"_blank\">zoominfo.com<\/a><\/td><td class=\"has-text-align-left\" data-align=\"left\">__cf_bm, _cfuvid<\/td><td class=\"has-text-align-left\" data-align=\"left\">Drittanbieter<\/td><\/tr><\/tbody><\/table><\/figure>\n\n\n\n<h4 class=\"wp-block-heading\">Cookies f\u00fcr Marketingzwecke<\/h4>\n\n\n\n<p>Diese Cookies k\u00f6nnen \u00fcber unsere Website von unseren Werbepartnern gesetzt werden. Sie k\u00f6nnen von diesen Unternehmen verwendet werden, um ein Profil Ihrer Interessen zu erstellen und Ihnen relevante Anzeigen auf anderen Websites zu zeigen. Sie speichern nicht direkt personenbezogene Daten, basieren jedoch auf einer einzigartigen Identifizierung Ihres Browsers und Internet-Ger\u00e4ts. Wenn Sie diese Cookies nicht zulassen, werden Sie weniger gezielte Werbung erleben.<\/p>\n\n\n\n<figure class=\"wp-block-table\"><table class=\"has-fixed-layout\"><thead><tr><th class=\"has-text-align-left\" data-align=\"left\">Cookie-Untergruppe<\/th><th class=\"has-text-align-left\" data-align=\"left\">Cookies<\/th><th class=\"has-text-align-left\" data-align=\"left\">Verwendete Cookies<\/th><\/tr><\/thead><tbody><tr><td class=\"has-text-align-left\" data-align=\"left\">lowerental.com<\/td><td class=\"has-text-align-left\" data-align=\"left\"><a href=\"https:\/\/cookiepedia.co.uk\/cookies\/_fbp\" rel=\"noreferrer noopener\" target=\"_blank\">_fbp&nbsp;<\/a>,&nbsp;<a href=\"https:\/\/cookiepedia.co.uk\/cookies\/_gat_UA-nnnnnnn-nn\" rel=\"noreferrer noopener\" target=\"_blank\">_gat_UA-nnnnnnn-nn<\/a><\/td><td class=\"has-text-align-left\" data-align=\"left\">Erstanbieter<\/td><\/tr><tr><td class=\"has-text-align-left\" data-align=\"left\"><a href=\"https:\/\/cookiepedia.co.uk\/host\/linkedin.com\" rel=\"noreferrer noopener\" target=\"_blank\">linkedin.com<\/a><\/td><td class=\"has-text-align-left\" data-align=\"left\">li_sugr, lidc, UserMatchHistory, li_gc, bcookie, AnalyticsSyncHistory<\/td><td class=\"has-text-align-left\" data-align=\"left\">Drittanbieter<\/td><\/tr><tr><td class=\"has-text-align-left\" data-align=\"left\"><a href=\"https:\/\/cookiepedia.co.uk\/host\/www.linkedin.com\" rel=\"noreferrer noopener\" target=\"_blank\">www.linkedin.com<\/a><\/td><td class=\"has-text-align-left\" data-align=\"left\">bscookie<\/td><td class=\"has-text-align-left\" data-align=\"left\">Drittanbieter<\/td><\/tr><tr><td class=\"has-text-align-left\" data-align=\"left\"><a href=\"https:\/\/cookiepedia.co.uk\/host\/doubleclick.net\" rel=\"noreferrer noopener\" target=\"_blank\">doubleclick.net<\/a><\/td><td class=\"has-text-align-left\" data-align=\"left\">IDE, test_cookie<\/td><td class=\"has-text-align-left\" data-align=\"left\">Drittanbieter<\/td><\/tr><\/tbody><\/table><\/figure>\n\n\n\n<div class=\"wp-block-buttons is-layout-flex wp-block-buttons-is-layout-flex\">\n<div class=\"wp-block-button\"><a class=\"wp-block-button__link wp-element-button\">Cookie-Einstellungen<\/a><\/div>\n<\/div>\n\n\n\n<p><strong>Werbe- &amp; Remarketing Cookies<\/strong><\/p>\n\n\n\n<p>Cookies sind in der Online-Werbung weit verbreitet. Weder wir, Werbetreibende noch unsere Werbepartner k\u00f6nnen aus diesen Cookies personenbezogene Daten gewinnen.<\/p>\n\n\n\n<p>Weitere Informationen zur Online-Werbung finden Sie unter&nbsp;<a href=\"http:\/\/www.youronlinechoices.com\/\" target=\"_blank\" rel=\"noopener\">http:\/\/www.youronlinechoices.com<\/a>&nbsp;. Sie k\u00f6nnen fast alle Werbe-Cookies unter&nbsp;<a href=\"http:\/\/www.youronlinechoices.com\/uk\/your-ad-choices\" target=\"_blank\" rel=\"noopener\">http:\/\/www.youronlinechoices.com\/uk\/your-ad-choices<\/a>&nbsp;&nbsp;ablehnen, obwohl wir es vorziehen w\u00fcrden, dass Sie als letztes Werbemittel nicht dazu beigetragen haben, dass ein Gro\u00dfteil des Internets frei bleibt. Es ist auch erw\u00e4hnenswert, dass das Deaktivieren von Werbe-Cookies nicht bedeutet, dass Sie keine Werbung mehr sehen, sondern nur, dass sie nicht mehr auf Sie zugeschnitten sind.<\/p>\n\n\n\n<p>M\u00f6glicherweise stellen Sie fest, dass manchmal nach dem Besuch einer Website eine erh\u00f6hte Anzahl von Anzeigen auf der von Ihnen besuchten Website angezeigt wird. Dies liegt daran, dass Werbetreibende, einschlie\u00dflich uns, f\u00fcr diese Anzeigen bezahlen. Die Technologie dazu wird durch Cookies erm\u00f6glicht und als solche k\u00f6nnen wir w\u00e4hrend Ihres Besuchs ein sogenanntes &#8222;Remarketing-Cookie&#8220; platzieren. Wir verwenden diese Anzeigen, um Sonderangebote usw. anzubieten und Sie dazu zu ermutigen, zu unserer Website zur\u00fcckzukehren. Keine Sorge, wir k\u00f6nnen Sie nicht proaktiv erreichen, da der gesamte Prozess vollst\u00e4ndig anonymisiert ist. Sie k\u00f6nnen diese Cookies jederzeit wie oben beschrieben deaktivieren.<\/p>\n\n\n\n<p><strong>Cookies ausschalten<\/strong><\/p>\n\n\n\n<p>Sie k\u00f6nnen Cookies in der Regel deaktivieren, indem Sie die Einstellungen Ihres Browsers so anpassen, dass keine Cookies akzeptiert werden (Informationen dazu finden Sie hier). Dies wird jedoch wahrscheinlich die Funktionalit\u00e4t unserer und eines erheblichen Teils der Websites weltweit einschr\u00e4nken, da Cookies ein Standardbestandteil der meisten modernen Websites sind<\/p>\n\n\n\n<p><strong>Erteilung der Erlaubnis zur Verwendung von Cookies<\/strong><\/p>\n\n\n\n<p>Wenn die Einstellungen Ihrer Software, die Sie zum Anzeigen dieser Website verwenden (Ihr Browser), so angepasst werden, dass Cookies akzeptiert werden, wird dies von uns und Ihrer fortgesetzten Nutzung unserer Website akzeptiert, damit Sie damit einverstanden sind. Wenn Sie Cookies von unserer Website entfernen oder nicht verwenden m\u00f6chten, k\u00f6nnen Sie dies \u00fcber Ihre Browsereinstellungen tun. Dies bedeutet jedoch wahrscheinlich, dass unsere Website nicht wie erwartet funktioniert<\/p>\n\n\n\n<p><strong>Deaktivierung der Verwendung von Cookies<\/strong><\/p>\n\n\n\n<p>Wenn Sie steuern m\u00f6chten, welche Cookies Sie akzeptieren. Sie k\u00f6nnen Ihren Browser so konfigurieren, dass er alle Cookies akzeptiert oder Sie benachrichtigt, sobald ein Cookie vom Server einer Website angeboten wird. Die meisten Browser akzeptieren Cookies automatisch. Sie k\u00f6nnen Ihre Browser-Option so einstellen, dass Sie keine Cookies erhalten und Sie k\u00f6nnen auch vorhandene Cookies aus Ihrem Browser l\u00f6schen. M\u00f6glicherweise stellen Sie fest, dass einige Teile der Website nicht ordnungsgem\u00e4\u00df funktionieren, wenn Sie Cookies abgelehnt haben.<\/p>\n\n\n\n<p>Die meisten Webbrowser erm\u00f6glichen die Steuerung der meisten Cookies \u00fcber die Browsereinstellungen. Unter&nbsp;<a href=\"http:\/\/www.allaboutcookies.org\/\" target=\"_blank\" rel=\"noopener\">http:\/\/www.allaboutcookies.org\/<\/a>&nbsp;erfahren Sie mehr \u00fcber Cookies, beispielsweise, wie Sie feststellen k\u00f6nnen, welche Cookies gesetzt wurden und wie Sie sie verwalten und l\u00f6schen.<\/p>\n\n\n\n<p><strong>Bitte beachten Sie, dass Sie Cookies von dieser Website akzeptieren, wenn Sie Ihren Browser nicht konfigurieren.<\/strong><\/p>\n","protected":false},"excerpt":{"rendered":"<p>Cookie-Richtlinie Verwendung von Cookies durch Lowe Rental Cookies sind kleine Textdateien, die von besuchten Websites auf Ihrem Computer oder Mobiltelefon abgelegt werden. Sie werden h\u00e4ufig verwendet, um Websites funktionsf\u00e4hig oder effizienter zu machen und um Informationen f\u00fcr die Eigent\u00fcmer der Website bereitzustellen. Im Folgenden erfahren Sie, welche Cookies wir verwenden und warum. Website-Cookies Diese Cookies [&hellip;]<\/p>\n","protected":false},"author":23,"featured_media":0,"parent":0,"menu_order":0,"comment_status":"closed","ping_status":"closed","template":"","meta":{"_acf_changed":false,"footnotes":""},"class_list":["post-2780","page","type-page","status-publish","hentry"],"acf":[],"_links":{"self":[{"href":"https:\/\/www.lowerental.com\/de\/wp-json\/wp\/v2\/pages\/2780","targetHints":{"allow":["GET"]}}],"collection":[{"href":"https:\/\/www.lowerental.com\/de\/wp-json\/wp\/v2\/pages"}],"about":[{"href":"https:\/\/www.lowerental.com\/de\/wp-json\/wp\/v2\/types\/page"}],"author":[{"embeddable":true,"href":"https:\/\/www.lowerental.com\/de\/wp-json\/wp\/v2\/users\/23"}],"replies":[{"embeddable":true,"href":"https:\/\/www.lowerental.com\/de\/wp-json\/wp\/v2\/comments?post=2780"}],"version-history":[{"count":8,"href":"https:\/\/www.lowerental.com\/de\/wp-json\/wp\/v2\/pages\/2780\/revisions"}],"predecessor-version":[{"id":12196,"href":"https:\/\/www.lowerental.com\/de\/wp-json\/wp\/v2\/pages\/2780\/revisions\/12196"}],"wp:attachment":[{"href":"https:\/\/www.lowerental.com\/de\/wp-json\/wp\/v2\/media?parent=2780"}],"curies":[{"name":"wp","href":"https:\/\/api.w.org\/{rel}","templated":true}]}}