{"id":1794,"date":"2026-03-20T11:37:25","date_gmt":"2026-03-20T11:37:25","guid":{"rendered":"https:\/\/staging.lowerental.com\/es-new\/?page_id=1794"},"modified":"2026-04-13T08:27:42","modified_gmt":"2026-04-13T07:27:42","slug":"productos","status":"publish","type":"page","link":"https:\/\/www.lowerental.com\/es\/productos\/","title":{"rendered":"Productos"},"content":{"rendered":"<section class=\"hero-sector hero-top\">\n\t<div class=\"hero-sector__image\">\n\t\t\t\t\t<img decoding=\"async\" class=\"\" src=\"https:\/\/www.lowerental.com\/es\/wp-content\/uploads\/sites\/22\/2026\/03\/coldrooms_jan.webp\" alt=\"White cold storage units lined up in a spacious industrial facility with a high ceiling.\">\n\t\t\t\t\t\t<\/div>\n\t<div class=\"container\">\n\t\t<div class=\"hero-sector__wrapper\">\n\t\t\t<div class=\"hero-sector__text\">\n\t\t\t\t<p>Expertos Proveedores en Espa\u00f1a de Refrigeraci\u00f3n Comercial<\/p>\t\t\t\t<h1>Refrigeraci\u00f3n Comercial, Cocinas Temporales Modulares, Refrigeraci\u00f3n de Almacenamiento y C\u00e1maras Frigor\u00edficas Modulares<\/h1>\n\t\t\t\t\t\t\t<\/div>\n\t\t<\/div>\n\t<\/div>\n<\/section>\n\n<script type=\"text\/javascript\">\n\t$(document).ready(function() {\n\n\t\tif (typeof Fancybox !== 'undefined') {\n\t\t\t\/* Fancybox *\/\n\t\t\tFancybox.bind('[data-fancybox]', {\n\t\t\t\tThumbs: false,\n\t\t\t\tToolbar: false,\n\t\t\t\tdragToClose: false,\n\t\t\t\tCarousel: {\n\t\t\t\t\tNavigation: false,\n\t\t\t\t},\n\t\t\t});\n\t\t}\n\n\t\t\/* Animate On Scroll *\/\n\t\tAOS.init({\n\t\t\tonce: true,\n\t\t\tduration: 800,\n\t\t});\n\t});\n<\/script>\n\n\n<div style=\"height:100px\" aria-hidden=\"true\" class=\"wp-block-spacer\"><\/div>\n\n\n\n\n<section class=\"text-block\">\n    <div class=\"container\">\n        <div class=\"content-wrap\">\n            <h3 style=\"text-align: center;\">Expertos en Refrigeraci\u00f3n Comercial y Equipos de Catering<\/h3>\n<p style=\"text-align: center;\">Lowe se especializa en el suministro de planes de alquiler a corto plazo de refrigeraci\u00f3n comercial, cocinas temporales modulares y equipos de catering, incluyendo refrigeraci\u00f3n de exhibici\u00f3n, refrigeradores y congeladores de almacenamiento, c\u00e1maras frigor\u00edficas modulares y m\u00e1s.<\/p>\n        <\/div>\n    <\/div>\n<\/section>\n\n\n<section class=\"equipment-intro\">\n\t<div class=\"container\">\n\t\t<div class=\"equipment-intro__wrapper\">\n\t\t\t<div class=\"equipment-intro__heading\" data-aos=\"fade-in\">\n\t\t\t\t<h2><\/h2>\n\t\t\t<\/div>\n\t\t\t<div class=\"equipment-intro__text\" data-aos=\"fade-in\">\n\t\t\t\t\t\t\t<\/div>\n\t\t\t<div class=\"equipment-intro__grid\" data-aos=\"fade-in\">\n\t\t\t\t\t\t\t\t\t<a class=\"equipment-intro__item equipment-intro__item--active\" href=\"https:\/\/www.lowerental.com\/es\/productos\/refrigeracion-para-exposicion\/\">\n\t\t\t\t\t\t\t\t\t\t\t\t\t<div class=\"equipment-intro__itemImage\">\n\t\t\t\t\t\t\t\t<img decoding=\"async\" src=\"data:image\/gif;base64,R0lGODlhAQABAAAAACH5BAEKAAEALAAAAAABAAEAAAICTAEAOw==\" alt=\"Chilled food display units filled with various packaged products in a modern retail environment.\" class=\"lazyload\" data-src=\"https:\/\/www.lowerental.com\/es\/wp-content\/uploads\/sites\/22\/2026\/03\/MS-Solihull.jpg\">\n\t\t\t\t\t\t\t<\/div>\n\t\t\t\t\t\t\t\t\t\t\t\t<div class=\"equipment-intro__itemInner\">\n\t\t\t\t\t\t\t<h3>Refrigeraci\u00f3n para exposici\u00f3n<\/h3>\n\t\t\t\t\t\t\t\t\t\t\t\t\t\t\t<div class=\"link-cntr\">\n\t\t\t\t\t\t\t\t\t<span class=\"link\">Ver equipos\t\t\t\t\t\t\t\t\t\t<svg xmlns=\"http:\/\/www.w3.org\/2000\/svg\" width=\"7.02\" height=\"12.763\" viewBox=\"0 0 7.02 12.763\" aria-hidden=\"true\">\n\t\t\t\t\t\t\t\t\t\t\t<path d=\"M-17630.953,6507.977l5.209,5.365-5.209,5.276\" transform=\"translate(17632.014 -6506.917)\" fill=\"none\" stroke=\"#fff\" stroke-linecap=\"round\" stroke-linejoin=\"round\" stroke-width=\"1.5\"\/>\n\t\t\t\t\t\t\t\t\t\t<\/svg>\n\t\t\t\t\t\t\t\t\t<\/span>\n\t\t\t\t\t\t\t\t<\/div>\n\t\t\t\t\t\t\t\t\t\t\t\t\t<\/div>\n\t\t\t\t\t<\/a>\n\t\t\t\t\t\t\t\t\t<a class=\"equipment-intro__item\" href=\"https:\/\/www.lowerental.com\/es\/productos\/equipos-de-cocina-y-catering\/\">\n\t\t\t\t\t\t\t\t\t\t\t\t\t<div class=\"equipment-intro__itemImage\">\n\t\t\t\t\t\t\t\t<img decoding=\"async\" src=\"data:image\/gif;base64,R0lGODlhAQABAAAAACH5BAEKAAEALAAAAAABAAEAAAICTAEAOw==\" alt=\"Stainless steel kitchen equipment, including fryers and grills, arranged neatly against a white wall.\" class=\"lazyload\" data-src=\"https:\/\/www.lowerental.com\/es\/wp-content\/uploads\/sites\/22\/2026\/03\/equipment-intro-2.jpg\">\n\t\t\t\t\t\t\t<\/div>\n\t\t\t\t\t\t\t\t\t\t\t\t<div class=\"equipment-intro__itemInner\">\n\t\t\t\t\t\t\t<h3>Equipos de cocina y catering<\/h3>\n\t\t\t\t\t\t\t\t\t\t\t\t\t\t\t<div class=\"link-cntr\">\n\t\t\t\t\t\t\t\t\t<span class=\"link\">Ver equipos\t\t\t\t\t\t\t\t\t\t<svg xmlns=\"http:\/\/www.w3.org\/2000\/svg\" width=\"7.02\" height=\"12.763\" viewBox=\"0 0 7.02 12.763\" aria-hidden=\"true\">\n\t\t\t\t\t\t\t\t\t\t\t<path d=\"M-17630.953,6507.977l5.209,5.365-5.209,5.276\" transform=\"translate(17632.014 -6506.917)\" fill=\"none\" stroke=\"#fff\" stroke-linecap=\"round\" stroke-linejoin=\"round\" stroke-width=\"1.5\"\/>\n\t\t\t\t\t\t\t\t\t\t<\/svg>\n\t\t\t\t\t\t\t\t\t<\/span>\n\t\t\t\t\t\t\t\t<\/div>\n\t\t\t\t\t\t\t\t\t\t\t\t\t<\/div>\n\t\t\t\t\t<\/a>\n\t\t\t\t\t\t\t\t\t<a class=\"equipment-intro__item\" href=\"https:\/\/www.lowerental.com\/es\/productos\/camaras-frigorificas\/\">\n\t\t\t\t\t\t\t\t\t\t\t\t\t<div class=\"equipment-intro__itemImage\">\n\t\t\t\t\t\t\t\t<img decoding=\"async\" src=\"data:image\/gif;base64,R0lGODlhAQABAAAAACH5BAEKAAEALAAAAAABAAEAAAICTAEAOw==\" alt=\"Cold storage room with a white door and grey flooring, featuring an air conditioning unit.\" class=\"lazyload\" data-src=\"https:\/\/www.lowerental.com\/es\/wp-content\/uploads\/sites\/22\/2026\/03\/Cold-Room-Image1.jpg\">\n\t\t\t\t\t\t\t<\/div>\n\t\t\t\t\t\t\t\t\t\t\t\t<div class=\"equipment-intro__itemInner\">\n\t\t\t\t\t\t\t<h3>C\u00e1maras frigor\u00edficas modulares<\/h3>\n\t\t\t\t\t\t\t\t\t\t\t\t\t\t\t<div class=\"link-cntr\">\n\t\t\t\t\t\t\t\t\t<span class=\"link\">Ver equipos\t\t\t\t\t\t\t\t\t\t<svg xmlns=\"http:\/\/www.w3.org\/2000\/svg\" width=\"7.02\" height=\"12.763\" viewBox=\"0 0 7.02 12.763\" aria-hidden=\"true\">\n\t\t\t\t\t\t\t\t\t\t\t<path d=\"M-17630.953,6507.977l5.209,5.365-5.209,5.276\" transform=\"translate(17632.014 -6506.917)\" fill=\"none\" stroke=\"#fff\" stroke-linecap=\"round\" stroke-linejoin=\"round\" stroke-width=\"1.5\"\/>\n\t\t\t\t\t\t\t\t\t\t<\/svg>\n\t\t\t\t\t\t\t\t\t<\/span>\n\t\t\t\t\t\t\t\t<\/div>\n\t\t\t\t\t\t\t\t\t\t\t\t\t<\/div>\n\t\t\t\t\t<\/a>\n\t\t\t\t\t\t\t\t\t<a class=\"equipment-intro__item\" href=\"https:\/\/www.lowerental.com\/es\/productos\/congeladores-para-exposicion\/\">\n\t\t\t\t\t\t\t\t\t\t\t\t\t<div class=\"equipment-intro__itemImage\">\n\t\t\t\t\t\t\t\t<img decoding=\"async\" src=\"data:image\/gif;base64,R0lGODlhAQABAAAAACH5BAEKAAEALAAAAAABAAEAAAICTAEAOw==\" alt=\"Brightly lit freezer section displaying various frozen food products in colourful packaging.\" class=\"lazyload\" data-src=\"https:\/\/www.lowerental.com\/es\/wp-content\/uploads\/sites\/22\/2026\/03\/nutrition-kitchen-6.webp\">\n\t\t\t\t\t\t\t<\/div>\n\t\t\t\t\t\t\t\t\t\t\t\t<div class=\"equipment-intro__itemInner\">\n\t\t\t\t\t\t\t<h3>Congeladores para exposici\u00f3n<\/h3>\n\t\t\t\t\t\t\t\t\t\t\t\t\t\t\t<div class=\"link-cntr\">\n\t\t\t\t\t\t\t\t\t<span class=\"link\">Ver equipos\t\t\t\t\t\t\t\t\t\t<svg xmlns=\"http:\/\/www.w3.org\/2000\/svg\" width=\"7.02\" height=\"12.763\" viewBox=\"0 0 7.02 12.763\" aria-hidden=\"true\">\n\t\t\t\t\t\t\t\t\t\t\t<path d=\"M-17630.953,6507.977l5.209,5.365-5.209,5.276\" transform=\"translate(17632.014 -6506.917)\" fill=\"none\" stroke=\"#fff\" stroke-linecap=\"round\" stroke-linejoin=\"round\" stroke-width=\"1.5\"\/>\n\t\t\t\t\t\t\t\t\t\t<\/svg>\n\t\t\t\t\t\t\t\t\t<\/span>\n\t\t\t\t\t\t\t\t<\/div>\n\t\t\t\t\t\t\t\t\t\t\t\t\t<\/div>\n\t\t\t\t\t<\/a>\n\t\t\t\t\t\t\t\t\t<a class=\"equipment-intro__item\" href=\"https:\/\/www.lowerental.com\/es\/productos\/frigorificos-y-congeladores-para-almacenamiento\/\">\n\t\t\t\t\t\t\t\t\t\t\t\t\t<div class=\"equipment-intro__itemImage\">\n\t\t\t\t\t\t\t\t<img decoding=\"async\" src=\"data:image\/gif;base64,R0lGODlhAQABAAAAACH5BAEKAAEALAAAAAABAAEAAAICTAEAOw==\" alt=\"Black freezer units with glass tops displaying frozen food, labelled &quot;CONGELADOS&quot; in white text.\" class=\"lazyload\" data-src=\"https:\/\/www.lowerental.com\/es\/wp-content\/uploads\/sites\/22\/2025\/03\/lowe-rental-blog-graphic-42.png\">\n\t\t\t\t\t\t\t<\/div>\n\t\t\t\t\t\t\t\t\t\t\t\t<div class=\"equipment-intro__itemInner\">\n\t\t\t\t\t\t\t<h3>Frigor\u00edficos y congeladores para almacenamiento<\/h3>\n\t\t\t\t\t\t\t\t\t\t\t\t\t\t\t<div class=\"link-cntr\">\n\t\t\t\t\t\t\t\t\t<span class=\"link\">Ver equipos\t\t\t\t\t\t\t\t\t\t<svg xmlns=\"http:\/\/www.w3.org\/2000\/svg\" width=\"7.02\" height=\"12.763\" viewBox=\"0 0 7.02 12.763\" aria-hidden=\"true\">\n\t\t\t\t\t\t\t\t\t\t\t<path d=\"M-17630.953,6507.977l5.209,5.365-5.209,5.276\" transform=\"translate(17632.014 -6506.917)\" fill=\"none\" stroke=\"#fff\" stroke-linecap=\"round\" stroke-linejoin=\"round\" stroke-width=\"1.5\"\/>\n\t\t\t\t\t\t\t\t\t\t<\/svg>\n\t\t\t\t\t\t\t\t\t<\/span>\n\t\t\t\t\t\t\t\t<\/div>\n\t\t\t\t\t\t\t\t\t\t\t\t\t<\/div>\n\t\t\t\t\t<\/a>\n\t\t\t\t\t\t\t<\/div>\n\t\t\t<div class=\"equipment-intro__slider\" data-aos=\"fade-in\">\n\t\t\t\t\t\t\t\t\t<div>\n\t\t\t\t\t\t<a class=\"equipment-intro__slide\" href=\"https:\/\/www.lowerental.com\/es\/productos\/refrigeracion-para-exposicion\/\">\n\t\t\t\t\t\t\t\t\t\t\t\t\t\t\t<div class=\"equipment-intro__itemImage\">\n\t\t\t\t\t\t\t\t\t<img decoding=\"async\" src=\"data:image\/gif;base64,R0lGODlhAQABAAAAACH5BAEKAAEALAAAAAABAAEAAAICTAEAOw==\" alt=\"Chilled food display units filled with various packaged products in a modern retail environment.\" class=\"lazyload\" data-src=\"https:\/\/www.lowerental.com\/es\/wp-content\/uploads\/sites\/22\/2026\/03\/MS-Solihull.jpg\">\n\t\t\t\t\t\t\t\t<\/div>\n\t\t\t\t\t\t\t\t\t\t\t\t\t\t<div class=\"equipment-intro__itemInner\">\n\t\t\t\t\t\t\t\t<h3>Refrigeraci\u00f3n para exposici\u00f3n<\/h3>\n\t\t\t\t\t\t\t\t\t\t\t\t\t\t\t\t\t<div class=\"link-cntr\">\n\t\t\t\t\t\t\t\t\t\t<span class=\"link\">Ver equipos\t\t\t\t\t\t\t\t\t\t\t<svg xmlns=\"http:\/\/www.w3.org\/2000\/svg\" width=\"7.02\" height=\"12.763\" viewBox=\"0 0 7.02 12.763\" aria-hidden=\"true\">\n\t\t\t\t\t\t\t\t\t\t\t\t<path d=\"M-17630.953,6507.977l5.209,5.365-5.209,5.276\" transform=\"translate(17632.014 -6506.917)\" fill=\"none\" stroke=\"#fff\" stroke-linecap=\"round\" stroke-linejoin=\"round\" stroke-width=\"1.5\"\/>\n\t\t\t\t\t\t\t\t\t\t\t<\/svg>\n\t\t\t\t\t\t\t\t\t\t<\/span>\n\t\t\t\t\t\t\t\t\t<\/div>\n\t\t\t\t\t\t\t\t\t\t\t\t\t\t\t<\/div>\n\t\t\t\t\t\t<\/a>\n\t\t\t\t\t<\/div>\n\t\t\t\t\t\t\t\t\t<div>\n\t\t\t\t\t\t<a class=\"equipment-intro__slide\" href=\"https:\/\/www.lowerental.com\/es\/productos\/equipos-de-cocina-y-catering\/\">\n\t\t\t\t\t\t\t\t\t\t\t\t\t\t\t<div class=\"equipment-intro__itemImage\">\n\t\t\t\t\t\t\t\t\t<img decoding=\"async\" src=\"data:image\/gif;base64,R0lGODlhAQABAAAAACH5BAEKAAEALAAAAAABAAEAAAICTAEAOw==\" alt=\"Stainless steel kitchen equipment, including fryers and grills, arranged neatly against a white wall.\" class=\"lazyload\" data-src=\"https:\/\/www.lowerental.com\/es\/wp-content\/uploads\/sites\/22\/2026\/03\/equipment-intro-2.jpg\">\n\t\t\t\t\t\t\t\t<\/div>\n\t\t\t\t\t\t\t\t\t\t\t\t\t\t<div class=\"equipment-intro__itemInner\">\n\t\t\t\t\t\t\t\t<h3>Equipos de cocina y catering<\/h3>\n\t\t\t\t\t\t\t\t\t\t\t\t\t\t\t\t\t<div class=\"link-cntr\">\n\t\t\t\t\t\t\t\t\t\t<span class=\"link\">Ver equipos\t\t\t\t\t\t\t\t\t\t\t<svg xmlns=\"http:\/\/www.w3.org\/2000\/svg\" width=\"7.02\" height=\"12.763\" viewBox=\"0 0 7.02 12.763\" aria-hidden=\"true\">\n\t\t\t\t\t\t\t\t\t\t\t\t<path d=\"M-17630.953,6507.977l5.209,5.365-5.209,5.276\" transform=\"translate(17632.014 -6506.917)\" fill=\"none\" stroke=\"#fff\" stroke-linecap=\"round\" stroke-linejoin=\"round\" stroke-width=\"1.5\"\/>\n\t\t\t\t\t\t\t\t\t\t\t<\/svg>\n\t\t\t\t\t\t\t\t\t\t<\/span>\n\t\t\t\t\t\t\t\t\t<\/div>\n\t\t\t\t\t\t\t\t\t\t\t\t\t\t\t<\/div>\n\t\t\t\t\t\t<\/a>\n\t\t\t\t\t<\/div>\n\t\t\t\t\t\t\t\t\t<div>\n\t\t\t\t\t\t<a class=\"equipment-intro__slide\" href=\"https:\/\/www.lowerental.com\/es\/productos\/camaras-frigorificas\/\">\n\t\t\t\t\t\t\t\t\t\t\t\t\t\t\t<div class=\"equipment-intro__itemImage\">\n\t\t\t\t\t\t\t\t\t<img decoding=\"async\" src=\"data:image\/gif;base64,R0lGODlhAQABAAAAACH5BAEKAAEALAAAAAABAAEAAAICTAEAOw==\" alt=\"Cold storage room with a white door and grey flooring, featuring an air conditioning unit.\" class=\"lazyload\" data-src=\"https:\/\/www.lowerental.com\/es\/wp-content\/uploads\/sites\/22\/2026\/03\/Cold-Room-Image1.jpg\">\n\t\t\t\t\t\t\t\t<\/div>\n\t\t\t\t\t\t\t\t\t\t\t\t\t\t<div class=\"equipment-intro__itemInner\">\n\t\t\t\t\t\t\t\t<h3>C\u00e1maras frigor\u00edficas modulares<\/h3>\n\t\t\t\t\t\t\t\t\t\t\t\t\t\t\t\t\t<div class=\"link-cntr\">\n\t\t\t\t\t\t\t\t\t\t<span class=\"link\">Ver equipos\t\t\t\t\t\t\t\t\t\t\t<svg xmlns=\"http:\/\/www.w3.org\/2000\/svg\" width=\"7.02\" height=\"12.763\" viewBox=\"0 0 7.02 12.763\" aria-hidden=\"true\">\n\t\t\t\t\t\t\t\t\t\t\t\t<path d=\"M-17630.953,6507.977l5.209,5.365-5.209,5.276\" transform=\"translate(17632.014 -6506.917)\" fill=\"none\" stroke=\"#fff\" stroke-linecap=\"round\" stroke-linejoin=\"round\" stroke-width=\"1.5\"\/>\n\t\t\t\t\t\t\t\t\t\t\t<\/svg>\n\t\t\t\t\t\t\t\t\t\t<\/span>\n\t\t\t\t\t\t\t\t\t<\/div>\n\t\t\t\t\t\t\t\t\t\t\t\t\t\t\t<\/div>\n\t\t\t\t\t\t<\/a>\n\t\t\t\t\t<\/div>\n\t\t\t\t\t\t\t\t\t<div>\n\t\t\t\t\t\t<a class=\"equipment-intro__slide\" href=\"https:\/\/www.lowerental.com\/es\/productos\/congeladores-para-exposicion\/\">\n\t\t\t\t\t\t\t\t\t\t\t\t\t\t\t<div class=\"equipment-intro__itemImage\">\n\t\t\t\t\t\t\t\t\t<img decoding=\"async\" src=\"data:image\/gif;base64,R0lGODlhAQABAAAAACH5BAEKAAEALAAAAAABAAEAAAICTAEAOw==\" alt=\"Brightly lit freezer section displaying various frozen food products in colourful packaging.\" class=\"lazyload\" data-src=\"https:\/\/www.lowerental.com\/es\/wp-content\/uploads\/sites\/22\/2026\/03\/nutrition-kitchen-6.webp\">\n\t\t\t\t\t\t\t\t<\/div>\n\t\t\t\t\t\t\t\t\t\t\t\t\t\t<div class=\"equipment-intro__itemInner\">\n\t\t\t\t\t\t\t\t<h3>Congeladores para exposici\u00f3n<\/h3>\n\t\t\t\t\t\t\t\t\t\t\t\t\t\t\t\t\t<div class=\"link-cntr\">\n\t\t\t\t\t\t\t\t\t\t<span class=\"link\">Ver equipos\t\t\t\t\t\t\t\t\t\t\t<svg xmlns=\"http:\/\/www.w3.org\/2000\/svg\" width=\"7.02\" height=\"12.763\" viewBox=\"0 0 7.02 12.763\" aria-hidden=\"true\">\n\t\t\t\t\t\t\t\t\t\t\t\t<path d=\"M-17630.953,6507.977l5.209,5.365-5.209,5.276\" transform=\"translate(17632.014 -6506.917)\" fill=\"none\" stroke=\"#fff\" stroke-linecap=\"round\" stroke-linejoin=\"round\" stroke-width=\"1.5\"\/>\n\t\t\t\t\t\t\t\t\t\t\t<\/svg>\n\t\t\t\t\t\t\t\t\t\t<\/span>\n\t\t\t\t\t\t\t\t\t<\/div>\n\t\t\t\t\t\t\t\t\t\t\t\t\t\t\t<\/div>\n\t\t\t\t\t\t<\/a>\n\t\t\t\t\t<\/div>\n\t\t\t\t\t\t\t\t\t<div>\n\t\t\t\t\t\t<a class=\"equipment-intro__slide\" href=\"https:\/\/www.lowerental.com\/es\/productos\/frigorificos-y-congeladores-para-almacenamiento\/\">\n\t\t\t\t\t\t\t\t\t\t\t\t\t\t\t<div class=\"equipment-intro__itemImage\">\n\t\t\t\t\t\t\t\t\t<img decoding=\"async\" src=\"data:image\/gif;base64,R0lGODlhAQABAAAAACH5BAEKAAEALAAAAAABAAEAAAICTAEAOw==\" alt=\"Black freezer units with glass tops displaying frozen food, labelled &quot;CONGELADOS&quot; in white text.\" class=\"lazyload\" data-src=\"https:\/\/www.lowerental.com\/es\/wp-content\/uploads\/sites\/22\/2025\/03\/lowe-rental-blog-graphic-42.png\">\n\t\t\t\t\t\t\t\t<\/div>\n\t\t\t\t\t\t\t\t\t\t\t\t\t\t<div class=\"equipment-intro__itemInner\">\n\t\t\t\t\t\t\t\t<h3>Frigor\u00edficos y congeladores para almacenamiento<\/h3>\n\t\t\t\t\t\t\t\t\t\t\t\t\t\t\t\t\t<div class=\"link-cntr\">\n\t\t\t\t\t\t\t\t\t\t<span class=\"link\">Ver equipos\t\t\t\t\t\t\t\t\t\t\t<svg xmlns=\"http:\/\/www.w3.org\/2000\/svg\" width=\"7.02\" height=\"12.763\" viewBox=\"0 0 7.02 12.763\" aria-hidden=\"true\">\n\t\t\t\t\t\t\t\t\t\t\t\t<path d=\"M-17630.953,6507.977l5.209,5.365-5.209,5.276\" transform=\"translate(17632.014 -6506.917)\" fill=\"none\" stroke=\"#fff\" stroke-linecap=\"round\" stroke-linejoin=\"round\" stroke-width=\"1.5\"\/>\n\t\t\t\t\t\t\t\t\t\t\t<\/svg>\n\t\t\t\t\t\t\t\t\t\t<\/span>\n\t\t\t\t\t\t\t\t\t<\/div>\n\t\t\t\t\t\t\t\t\t\t\t\t\t\t\t<\/div>\n\t\t\t\t\t\t<\/a>\n\t\t\t\t\t<\/div>\n\t\t\t\t\t\t\t<\/div>\n\t\t<\/div>\n\t\t<div class=\"equip-slider__dots\"><\/div>\n\t<\/div>\n<\/section>\n\n<script>\n$(document).ready(function () {\n\n\t$('.equipment-intro').each(function (key) {\n\t\tconst $items = $(this).find('.equipment-intro__item');\n\n\t\t$items.hover(function () {\n\t\t\tif (!$(this).hasClass('equipment-intro__item--active')) {\n\t\t\t\t$items.removeClass('equipment-intro__item--active');\n\t\t\t\t$(this).addClass('equipment-intro__item--active');\n\t\t\t}\n\t\t});\n\t});\n\n\t$('.equipment-intro').each(function (key) {\n\t\tvar sliderIdName = 'equipmentIntroSlider-' + key;\n\t\tthis.id = sliderIdName;\n\n\t\tvar root   = $(this);\n\t\tvar slider = root.find('.equipment-intro__slider');\n\t\tvar dots   = root.find('.equip-slider__dots');\n\n\t\tslider.slick({\n\t\t\tslidesToShow:   1,\n\t\t\tslidesToScroll: 1,\n\t\t\tinfinite:       false,\n\t\t\tarrows:         false,\n\t\t\tdots:           true,\n\t\t\tappendDots:     dots,\n\t\t\trtl:            resolveIsRtl(),\n\t\t});\n\t});\n\n\tAOS.init({\n\t\tonce:     true,\n\t\tduration: 800,\n\t});\n});\n<\/script>","protected":false},"excerpt":{"rendered":"","protected":false},"author":20,"featured_media":0,"parent":0,"menu_order":0,"comment_status":"closed","ping_status":"closed","template":"templates\/page-no-breadcrumbs.php","meta":{"_acf_changed":false,"footnotes":""},"class_list":["post-1794","page","type-page","status-publish","hentry"],"acf":[],"_links":{"self":[{"href":"https:\/\/www.lowerental.com\/es\/wp-json\/wp\/v2\/pages\/1794","targetHints":{"allow":["GET"]}}],"collection":[{"href":"https:\/\/www.lowerental.com\/es\/wp-json\/wp\/v2\/pages"}],"about":[{"href":"https:\/\/www.lowerental.com\/es\/wp-json\/wp\/v2\/types\/page"}],"author":[{"embeddable":true,"href":"https:\/\/www.lowerental.com\/es\/wp-json\/wp\/v2\/users\/20"}],"replies":[{"embeddable":true,"href":"https:\/\/www.lowerental.com\/es\/wp-json\/wp\/v2\/comments?post=1794"}],"version-history":[{"count":1,"href":"https:\/\/www.lowerental.com\/es\/wp-json\/wp\/v2\/pages\/1794\/revisions"}],"predecessor-version":[{"id":1799,"href":"https:\/\/www.lowerental.com\/es\/wp-json\/wp\/v2\/pages\/1794\/revisions\/1799"}],"wp:attachment":[{"href":"https:\/\/www.lowerental.com\/es\/wp-json\/wp\/v2\/media?parent=1794"}],"curies":[{"name":"wp","href":"https:\/\/api.w.org\/{rel}","templated":true}]}}